{"id":659,"date":"2018-04-13T09:48:41","date_gmt":"2018-04-13T08:48:41","guid":{"rendered":"https:\/\/www.ghcranes.com\/gruascolombia\/?page_id=659"},"modified":"2019-03-29T09:43:46","modified_gmt":"2019-03-29T08:43:46","slug":"gh-gruas-colombia","status":"publish","type":"page","link":"https:\/\/colombia.ghcranes.com\/gruascolombia\/","title":{"rendered":"GH Gr\u00faas Colombia"},"content":{"rendered":"<p>[et_pb_section bb_built=&#8221;1&#8243; fullwidth=&#8221;off&#8221; specialty=&#8221;off&#8221; transparent_background=&#8221;off&#8221; background_color=&#8221;#ffde01&#8243; allow_player_pause=&#8221;off&#8221; inner_shadow=&#8221;off&#8221; parallax=&#8221;off&#8221; parallax_method=&#8221;off&#8221; padding_mobile=&#8221;off&#8221; make_fullwidth=&#8221;off&#8221; use_custom_width=&#8221;off&#8221; width_unit=&#8221;on&#8221; make_equal=&#8221;off&#8221; use_custom_gutter=&#8221;off&#8221; custom_padding=&#8221;0px||0px|&#8221; custom_padding_last_edited=&#8221;off|desktop&#8221; custom_padding_tablet=&#8221;50px|0|50px|0&#8243; next_background_color=&#8221;#FFFFFF&#8221;][et_pb_row make_fullwidth=&#8221;off&#8221; use_custom_width=&#8221;off&#8221; width_unit=&#8221;on&#8221; use_custom_gutter=&#8221;off&#8221; padding_mobile=&#8221;off&#8221; allow_player_pause=&#8221;off&#8221; parallax=&#8221;off&#8221; parallax_method=&#8221;off&#8221; make_equal=&#8221;off&#8221; parallax_1=&#8221;off&#8221; parallax_method_1=&#8221;off&#8221; parallax_2=&#8221;off&#8221; parallax_method_2=&#8221;off&#8221; column_padding_mobile=&#8221;on&#8221; custom_padding=&#8221;5px||5px|&#8221; parallax_3=&#8221;off&#8221; parallax_method_3=&#8221;off&#8221; background_position=&#8221;top_left&#8221; background_repeat=&#8221;repeat&#8221; background_size=&#8221;initial&#8221;][et_pb_column type=&#8221;1_3&#8243;][et_pb_image admin_label=&#8221;Logo&#8221; src=&#8221;https:\/\/colombia.ghcranes.com\/gruascolombia\/wp-content\/uploads\/2018\/04\/logo_GH-colombia.png&#8221; alt=&#8221;Logo GH Cranes &amp; Components&#8221; use_border_color=&#8221;off&#8221; custom_margin=&#8221;10px||10px|&#8221; url=&#8221;https:\/\/colombia.ghcranes.com\/gruascolombia\/&#8221; _builder_version=&#8221;3.2&#8243; \/][\/et_pb_column][et_pb_column type=&#8221;2_3&#8243;][et_pb_text admin_label=&#8221;Titulo&#8221; background_layout=&#8221;light&#8221; use_border_color=&#8221;off&#8221; header_font_size=&#8221;24px&#8221; custom_margin=&#8221;8px|||&#8221; background_position=&#8221;top_left&#8221; background_repeat=&#8221;repeat&#8221; background_size=&#8221;initial&#8221; module_alignment=&#8221;left&#8221; _builder_version=&#8221;3.0.106&#8243; header_line_height=&#8221;2em&#8221;]<\/p>\n<h1 class=\"title entry-title\" style=\"text-align: right;\">\n<p>Gr\u00faas GH Colombia<\/p>\n<\/h1>\n<p>[\/et_pb_text][\/et_pb_column][\/et_pb_row][\/et_pb_section][et_pb_section bb_built=&#8221;1&#8243; fullwidth=&#8221;on&#8221; specialty=&#8221;off&#8221; prev_background_color=&#8221;#ffde01&#8243; next_background_color=&#8221;rgba(255,255,255,0)&#8221;][et_pb_fullwidth_image admin_label=&#8221;GH Gr\u00faas Colombia&#8221; _builder_version=&#8221;3.2&#8243; src=&#8221;https:\/\/colombia.ghcranes.com\/gruascolombia\/wp-content\/uploads\/2018\/04\/gh-colombia-home.jpg&#8221; \/][\/et_pb_section][et_pb_section bb_built=&#8221;1&#8243; admin_label=&#8221;section&#8221; transparent_background=&#8221;on&#8221; background_color=&#8221;rgba(255,255,255,0)&#8221; allow_player_pause=&#8221;off&#8221; inner_shadow=&#8221;off&#8221; parallax=&#8221;off&#8221; parallax_method=&#8221;off&#8221; padding_mobile=&#8221;off&#8221; make_fullwidth=&#8221;off&#8221; use_custom_width=&#8221;off&#8221; width_unit=&#8221;on&#8221; make_equal=&#8221;off&#8221; use_custom_gutter=&#8221;off&#8221; custom_padding_tablet=&#8221;50px|0|50px|0&#8243; custom_padding_last_edited=&#8221;on|desktop&#8221; prev_background_color=&#8221;#FFFFFF&#8221; next_background_color=&#8221;#ffffff&#8221;][et_pb_row background_position=&#8221;top_left&#8221; background_repeat=&#8221;repeat&#8221; background_size=&#8221;initial&#8221; _builder_version=&#8221;3.0.106&#8243;][et_pb_column type=&#8221;4_4&#8243;][et_pb_text use_border_color=&#8221;off&#8221; background_position=&#8221;top_left&#8221; background_repeat=&#8221;repeat&#8221; background_size=&#8221;initial&#8221; module_alignment=&#8221;left&#8221; _builder_version=&#8221;3.10.1&#8243;]<\/p>\n<p>Principalmente los <strong>puente gr\u00faa GH Colombia<\/strong>, filial directa de f\u00e1brica, son gr\u00faas instaladas en bodegas y en patios exteriores. Por eso, son gr\u00faas con un sistema de elevaci\u00f3n como <strong>polipasto<\/strong> o <strong>carro abierto<\/strong>.<\/p>\n<p>Hay que destacar que el rango de capacidades est\u00e1 entre los 500 Kg y los 400.000 Kg. A su vez, mencionar que los grupos de trabajo van entre M4 y M8. Por otra parte, todos los equipos son fabricados bajo norma europea y con todas las certificaciones internacionales.<\/p>\n<p>En primer lugar los <strong>puente gr\u00faa GH Colombia<\/strong> son de construcci\u00f3n robusta y con un alto nivel de estandarizaci\u00f3n. De esta manera se aprovecha al m\u00e1ximo el espacio disponible y las cargas generadas son las m\u00ednimas para un mayor ahorro en la parte estructural. Destaca que son muy modulares y adaptables a cualquier necesidad. Por otra lado, la combinaci\u00f3n optimizada de las estructuras de las gr\u00faas con los equipos mec\u00e1nicos de elevaci\u00f3n, direcci\u00f3n y traslaci\u00f3n es m\u00e1s que relevante.<\/p>\n<p>M\u00e1s que notable la estructura de viga caj\u00f3n o perfil comercial, optimizada mediante procesos de c\u00e1lculo inform\u00e1tico. Por lo cual, nuestros dise\u00f1os ofrecen la mejor opci\u00f3n t\u00e9cnico-mec\u00e1nica con la mejor relaci\u00f3n calidad-precio.<\/p>\n<p>En cuanto a los mecanismos utilizados, en nuestras gr\u00faas puente industriales forman parte indivisible de las mismas. Destacable llegan abarcar la gama desde los polipastos de cadena de 500 kg hasta polipastos de cable de 100 toneladas.<\/p>\n<h4>Sectores y clientes puentes gr\u00faa GH Colombia<\/h4>\n<p>Actualmente los puentes gr\u00faa se encuentran por ejemplo en sectores como: <strong>astilleros y puertos, calderer\u00eda y fabricaci\u00f3n de estructuras met\u00e1licas, distribuci\u00f3n de hierros, fundici\u00f3n y siderurgia. Adem\u00e1s de en sectores energ\u00e9ticos como hidroel\u00e9ctricas, sector petrolero o e\u00f3licos. Tambi\u00e9n en otros sectores como n\u00e1utica, obras p\u00fablicas, aeron\u00e1utica, papeleras, prefabricados, azucareras e industria en general.<\/strong><\/p>\n<p>De esta manera clientes como: EPM, AVIANCA, HMV ingenieros, ALBICO, JEJAIMES, GYJ ferreter\u00edas, PAZ DEL RIO, TERNIUM, CORPOACERO, ANDRITZ, CELSIA, ARGOS, ECOPETROL&#8230; han confiado en los <strong>puente gr\u00faa GH Colombia<\/strong>.<\/p>\n<p>Finalmente, para ver m\u00e1s informaci\u00f3n sobre las gr\u00faas puente GH, acceda a nuestra web: <a class=\"et_pb_bg_layout_light et_pb_module et_pb_button boton_negro\" href=\"https:\/\/colombia.ghcranes.com\/\" onclick=\"return gtag_report_conversion('https:\/\/colombia.ghcranes.com\/')\">GH Colombia<\/a><\/p>\n<p>[\/et_pb_text][\/et_pb_column][\/et_pb_row][et_pb_row background_position=&#8221;top_left&#8221; background_repeat=&#8221;repeat&#8221; background_size=&#8221;initial&#8221;][et_pb_column type=&#8221;4_4&#8243;][et_pb_divider color=&#8221;#ffde01&#8243; show_divider=&#8221;on&#8221; divider_style=&#8221;solid&#8221; divider_position=&#8221;top&#8221; hide_on_mobile=&#8221;on&#8221; disabled_on=&#8221;on|on|off&#8221; \/][\/et_pb_column][\/et_pb_row][et_pb_row background_position=&#8221;top_left&#8221; background_repeat=&#8221;repeat&#8221; background_size=&#8221;initial&#8221;][et_pb_column type=&#8221;4_4&#8243;][et_pb_text _builder_version=&#8221;3.10.1&#8243;]<\/p>\n<p style=\"text-align: center; font-size: 250%\">NUESTRA GAMA <span style=\"color: #fcbf00;\">DE PRODUCTOS<\/span><\/p>\n<p>[\/et_pb_text][\/et_pb_column][\/et_pb_row][et_pb_row background_position=&#8221;top_left&#8221; background_repeat=&#8221;repeat&#8221; background_size=&#8221;initial&#8221;][et_pb_column type=&#8221;1_3&#8243;][et_pb_image admin_label=&#8221;Puente gr\u00faa&#8221; _builder_version=&#8221;3.0.106&#8243; show_in_lightbox=&#8221;off&#8221; url_new_window=&#8221;off&#8221; src=&#8221;https:\/\/colombia.ghcranes.com\/gruascolombia\/wp-content\/uploads\/2018\/04\/ghcolombia-puente-gruas-icono.png&#8221; always_center_on_mobile=&#8221;on&#8221; use_overlay=&#8221;off&#8221; force_fullwidth=&#8221;off&#8221; show_bottom_space=&#8221;on&#8221; \/][\/et_pb_column][et_pb_column type=&#8221;2_3&#8243;][et_pb_text _builder_version=&#8221;3.2.2&#8243;]<\/p>\n<h2 style=\"text-align: left;\">Gr\u00faas GH Colombia &#8211; Puente gr\u00faa<\/h2>\n<p>Principalmente los puente gr\u00faa GH son gr\u00faas con un sistema de elevaci\u00f3n compuesto por polipasto o carro abierto.<\/p>\n<p>La combinaci\u00f3n de las estructuras de las gr\u00faas con los equipos mec\u00e1nicos de elevaci\u00f3n, direcci\u00f3n y traslaci\u00f3n est\u00e1 m\u00e1s que optimizada. Como resultado permiten unos alcances y aprovechamiento de espacios m\u00e1ximos.<\/p>\n<p>[\/et_pb_text][et_pb_text _builder_version=&#8221;3.10.1&#8243; background_layout=&#8221;light&#8221; text_orientation=&#8221;right&#8221;]<\/p>\n<p><a class=\"et_pb_bg_layout_light et_pb_module et_pb_button boton_negro\" href=\"https:\/\/colombia.ghcranes.com\/solicitud-de-oferta\/\" onclick=\"return gtag_report_conversion('https:\/\/colombia.ghcranes.com\/solicitud-de-oferta\/')\">Solicitud de oferta<\/a><\/p>\n<p>[\/et_pb_text][\/et_pb_column][\/et_pb_row][et_pb_row background_position=&#8221;top_left&#8221; background_repeat=&#8221;repeat&#8221; background_size=&#8221;initial&#8221;][et_pb_column type=&#8221;1_3&#8243;][et_pb_image admin_label=&#8221;Polipastos&#8221; _builder_version=&#8221;3.0.106&#8243; show_in_lightbox=&#8221;off&#8221; url_new_window=&#8221;off&#8221; src=&#8221;https:\/\/colombia.ghcranes.com\/gruascolombia\/wp-content\/uploads\/2018\/04\/ghcolombia-polipastos-icono.png&#8221; always_center_on_mobile=&#8221;on&#8221; use_overlay=&#8221;off&#8221; force_fullwidth=&#8221;off&#8221; show_bottom_space=&#8221;on&#8221; \/][\/et_pb_column][et_pb_column type=&#8221;2_3&#8243;][et_pb_text _builder_version=&#8221;3.2.2&#8243;]<\/p>\n<h2 style=\"text-align: left;\">Gr\u00faas GH Colombia &#8211; Polipastos<\/h2>\n<p>Principalmente, la nueva gama de polipastos GH tiene un f\u00e1cil mantenimiento, ya que ha sido dise\u00f1ada tomando como principios la fiabilidad, seguridad, durabilidad y precio.<\/p>\n<p>A su vez, destaca la disposici\u00f3n funcional de los diferentes elementos estandarizados, puesto que es de una construcci\u00f3n modular. Por lo tanto, hay que resaltar la f\u00e1cil intercambiabilidad de los grupos.<\/p>\n<p>[\/et_pb_text][et_pb_text _builder_version=&#8221;3.0.106&#8243; background_layout=&#8221;light&#8221; text_orientation=&#8221;right&#8221;]<\/p>\n<p><a class=\"et_pb_bg_layout_light et_pb_module et_pb_button boton_negro\" href=\"https:\/\/colombia.ghcranes.com\/solicitud-de-oferta\/\" onclick=\"return gtag_report_conversion('https:\/\/colombia.ghcranes.com\/solicitud-de-oferta\/')\">Solicitud de oferta<\/a><\/p>\n<p>[\/et_pb_text][\/et_pb_column][\/et_pb_row][et_pb_row background_position=&#8221;top_left&#8221; background_repeat=&#8221;repeat&#8221; background_size=&#8221;initial&#8221;][et_pb_column type=&#8221;1_3&#8243;][et_pb_image admin_label=&#8221;P\u00f3rticos&#8221; _builder_version=&#8221;3.0.106&#8243; show_in_lightbox=&#8221;off&#8221; url_new_window=&#8221;off&#8221; src=&#8221;https:\/\/colombia.ghcranes.com\/gruascolombia\/wp-content\/uploads\/2018\/04\/ghcolombia-porticos-icono.png&#8221; always_center_on_mobile=&#8221;on&#8221; use_overlay=&#8221;off&#8221; force_fullwidth=&#8221;off&#8221; show_bottom_space=&#8221;on&#8221; \/][\/et_pb_column][et_pb_column type=&#8221;2_3&#8243;][et_pb_text _builder_version=&#8221;3.2.2&#8243;]<\/p>\n<h2 style=\"text-align: left;\">Gr\u00faas GH Colombia &#8211; Gr\u00faas p\u00f3rtico<\/h2>\n<p>Se\u00f1alar que GH Colombia adapta la fabricaci\u00f3n de sus gr\u00faas p\u00f3rtico a las necesidades y situaciones de cada cliente.<\/p>\n<p>Rese\u00f1ar que los p\u00f3rticos son altamente eficientes para el trabajo en plataformas exteriores, adem\u00e1s a altas velocidades y capacidades.<\/p>\n<p>[\/et_pb_text][et_pb_text _builder_version=&#8221;3.0.106&#8243; background_layout=&#8221;light&#8221; text_orientation=&#8221;right&#8221;]<\/p>\n<p><a class=\"et_pb_bg_layout_light et_pb_module et_pb_button boton_negro\" href=\"https:\/\/colombia.ghcranes.com\/solicitud-de-oferta\/\" onclick=\"return gtag_report_conversion('https:\/\/colombia.ghcranes.com\/solicitud-de-oferta\/')\">Solicitud de oferta<\/a><\/p>\n<p>[\/et_pb_text][\/et_pb_column][\/et_pb_row][et_pb_row background_position=&#8221;top_left&#8221; background_repeat=&#8221;repeat&#8221; background_size=&#8221;initial&#8221;][et_pb_column type=&#8221;1_3&#8243;][et_pb_image admin_label=&#8221;P\u00f3rticos automotor&#8221; _builder_version=&#8221;3.2.2&#8243; show_in_lightbox=&#8221;off&#8221; url_new_window=&#8221;off&#8221; src=&#8221;https:\/\/colombia.ghcranes.com\/gruascolombia\/wp-content\/uploads\/2018\/04\/ghcolombia-porticos-automotor-icono.png&#8221; always_center_on_mobile=&#8221;on&#8221; use_overlay=&#8221;off&#8221; force_fullwidth=&#8221;off&#8221; show_bottom_space=&#8221;on&#8221; \/][\/et_pb_column][et_pb_column type=&#8221;2_3&#8243;][et_pb_text _builder_version=&#8221;3.2.2&#8243;]<\/p>\n<h2 style=\"text-align: left;\">Gr\u00faas GH Colombia &#8211; P\u00f3rticos automotor<\/h2>\n<p>Especialmente relevante es que los p\u00f3rticos automotores GH sobre neum\u00e1ticos permiten el movimiento de cargas en todo tipo de industrias y aplicaciones, de forma aut\u00f3noma.<\/p>\n<p>Por consiguiente en GH Colombia disponemos de una amplia variedad de p\u00f3rticos automotor que van desde 20 Tn hasta 440 Tn.<\/p>\n<p>A su vez se caracterizan por su gran robustez, sencillez de uso, f\u00e1cil mantenimiento y maniobrabilidad. Por lo tanto, son muy \u00fatiles principalmente para sectores de industria de prefabricado, almacenes log\u00edsticos exteriores, e\u00f3lico, calderer\u00eda pesada, gr\u00faas para contenedores, RTG, etc.<\/p>\n<p>Es notable que son construidas especialmente para el sector marino, para trabajos de manutenci\u00f3n o reparaci\u00f3n de barcos y yates, por consiguiente son resistentes a ambientes altamente corrosivos.<\/p>\n<p>[\/et_pb_text][et_pb_text _builder_version=&#8221;3.0.106&#8243; background_layout=&#8221;light&#8221; text_orientation=&#8221;right&#8221;]<\/p>\n<p><a class=\"et_pb_bg_layout_light et_pb_module et_pb_button boton_negro\" href=\"https:\/\/colombia.ghcranes.com\/solicitud-de-oferta\/\" onclick=\"return gtag_report_conversion('https:\/\/colombia.ghcranes.com\/solicitud-de-oferta\/')\">Solicitud de oferta<\/a><\/p>\n<p>[\/et_pb_text][\/et_pb_column][\/et_pb_row][et_pb_row background_position=&#8221;top_left&#8221; background_repeat=&#8221;repeat&#8221; background_size=&#8221;initial&#8221;][et_pb_column type=&#8221;1_3&#8243;][et_pb_image admin_label=&#8221;Plumas&#8221; _builder_version=&#8221;3.2.2&#8243; show_in_lightbox=&#8221;off&#8221; url_new_window=&#8221;off&#8221; src=&#8221;https:\/\/colombia.ghcranes.com\/gruascolombia\/wp-content\/uploads\/2018\/04\/ghcolombia-plumas-icono.png&#8221; always_center_on_mobile=&#8221;on&#8221; use_overlay=&#8221;off&#8221; force_fullwidth=&#8221;off&#8221; show_bottom_space=&#8221;on&#8221; \/][\/et_pb_column][et_pb_column type=&#8221;2_3&#8243;][et_pb_text _builder_version=&#8221;3.2.2&#8243;]<\/p>\n<h2 style=\"text-align: left;\">Gr\u00faas GH Colombia &#8211; Gr\u00faas pluma<\/h2>\n<p>Con respecto a las gr\u00faas pluma de GH Colombia, destaca que pueden ir con opciones de polipasto de cadena y de cable. Siempre teniendo en cuenta la disposici\u00f3n de altura reducida o suspendido.<\/p>\n<p>Por otra parte, se\u00f1alar su gran precisi\u00f3n de movimiento en manual o motorizado.<\/p>\n<p>Para finalizar, desde 500 Kg hasta 20 Tn son la soluci\u00f3n ideal para el movimiento de cargas en una zona circular pr\u00f3xima al puesto de trabajo.<\/p>\n<p>[\/et_pb_text][et_pb_text _builder_version=&#8221;3.0.106&#8243; background_layout=&#8221;light&#8221; text_orientation=&#8221;right&#8221;]<\/p>\n<p><a class=\"et_pb_bg_layout_light et_pb_module et_pb_button boton_negro\" href=\"https:\/\/colombia.ghcranes.com\/solicitud-de-oferta\/\" onclick=\"return gtag_report_conversion('https:\/\/colombia.ghcranes.com\/solicitud-de-oferta\/')\">Solicitud de oferta<\/a><\/p>\n<p>[\/et_pb_text][\/et_pb_column][\/et_pb_row][et_pb_row background_position=&#8221;top_left&#8221; background_repeat=&#8221;repeat&#8221; background_size=&#8221;initial&#8221;][et_pb_column type=&#8221;4_4&#8243;][et_pb_divider color=&#8221;#ffde01&#8243; show_divider=&#8221;on&#8221; disabled_on=&#8221;on|on|off&#8221; _builder_version=&#8221;3.0.106&#8243; height=&#8221;1px&#8221; \/][\/et_pb_column][\/et_pb_row][et_pb_row background_position=&#8221;top_left&#8221; background_repeat=&#8221;repeat&#8221; background_size=&#8221;initial&#8221;][et_pb_column type=&#8221;4_4&#8243;][et_pb_text use_border_color=&#8221;off&#8221; background_position=&#8221;top_left&#8221; background_repeat=&#8221;repeat&#8221; background_size=&#8221;initial&#8221; module_alignment=&#8221;left&#8221; _builder_version=&#8221;3.2.2&#8243;]<\/p>\n<p><strong>Rese\u00f1ar que las m\u00e1s de 112.000 gr\u00faas instaladas avalan la experiencia de GH dando soluciones para la manipulaci\u00f3n de materiales.<\/strong><\/p>\n<p><strong>GH<\/strong> se fund\u00f3 en 1958 como grupo empresarial para dedicarse a la fabricaci\u00f3n integral de gr\u00faas. Empresa fabricante principalmente de polipastos, puentes gr\u00faa y componentes para gr\u00faas puente. A su vez, en su gama de fabricaci\u00f3n podemos encontrar otros productos como gr\u00faas p\u00f3rtico, p\u00f3rticos automotores, gr\u00faas plumas, carretones, etc.<\/p>\n<p>Destaca que GH Cranes est\u00e1 instalado en <strong>m\u00e1s de 70 pa\u00edses<\/strong> a trav\u00e9s de delegaciones y oficinas comerciales. Por eso la amplia gama de productos instalados ofrecen soluciones en pr\u00e1cticamente todos los sectores.<\/p>\n<p>Por todo esto, es probable que nuestra experiencia y reconocimiento de nuestros clientes sit\u00faen a GH entre los principales fabricantes en el sector de la elevaci\u00f3n.<\/p>\n<p>[\/et_pb_text][\/et_pb_column][\/et_pb_row][\/et_pb_section][et_pb_section bb_built=&#8221;1&#8243; fullwidth=&#8221;off&#8221; specialty=&#8221;off&#8221; prev_background_color=&#8221;rgba(255,255,255,0)&#8221; _builder_version=&#8221;3.0.106&#8243; background_color=&#8221;#ffffff&#8221; background_image=&#8221;https:\/\/colombia.ghcranes.com\/gruascolombia\/wp-content\/uploads\/2018\/04\/pie.png&#8221; custom_padding=&#8221;0px|||&#8221;][et_pb_row _builder_version=&#8221;3.0.106&#8243; custom_padding=&#8221;0px|||&#8221;][et_pb_column type=&#8221;1_2&#8243;][et_pb_text _builder_version=&#8221;3.10.1&#8243; background_layout=&#8221;light&#8221;]<\/p>\n<p><img loading=\"lazy\" class=\"alignright wp-image-87\" style=\"margin-right: -5%;\" src=\"https:\/\/colombia.ghcranes.com\/gruascolombia\/wp-content\/uploads\/2016\/08\/logo_GH-300x129.png\" alt=\"Logo GH Cranes &amp; Components - Gr\u00faas GH Colombia\" width=\"114\" height=\"49\" srcset=\"https:\/\/colombia.ghcranes.com\/gruascolombia\/wp-content\/uploads\/2016\/08\/logo_GH-300x129.png 300w, https:\/\/colombia.ghcranes.com\/gruascolombia\/wp-content\/uploads\/2016\/08\/logo_GH.png 600w\" sizes=\"(max-width: 114px) 100vw, 114px\" \/><\/p>\n<p>[\/et_pb_text][\/et_pb_column][et_pb_column type=&#8221;1_2&#8243;][et_pb_text _builder_version=&#8221;3.10.1&#8243;]<\/p>\n<p style=\"font-size: 90%; line-height: 20px; margin-top: -5px;\"><strong>GH Puentes Gr\u00faa Colombia S.A.S.<\/strong><br \/>\nCarrera 48 No 91-93 &#8211; Castellana &#8211; Bogot\u00e1 (Colombia)<br \/>\nT: +57 1 750 4427 &#8211; mail: <span style=\"color: #808080;\"><a style=\"color: #666;\" href=\"mailto:yezpeleta@ghsa.com\">yezpeleta@ghsa.com<\/a><\/span><\/p>\n<p>[\/et_pb_text][\/et_pb_column][\/et_pb_row][\/et_pb_section]<\/p>\n","protected":false},"excerpt":{"rendered":"<p>[et_pb_section bb_built=&#8221;1&#8243; fullwidth=&#8221;off&#8221; specialty=&#8221;off&#8221; transparent_background=&#8221;off&#8221; background_color=&#8221;#ffde01&#8243; allow_player_pause=&#8221;off&#8221; inner_shadow=&#8221;off&#8221; parallax=&#8221;off&#8221; parallax_method=&#8221;off&#8221; padding_mobile=&#8221;off&#8221; make_fullwidth=&#8221;off&#8221; use_custom_width=&#8221;off&#8221; width_unit=&#8221;on&#8221; make_equal=&#8221;off&#8221; use_custom_gutter=&#8221;off&#8221; custom_padding=&#8221;0px||0px|&#8221; custom_padding_last_edited=&#8221;off|desktop&#8221; custom_padding_tablet=&#8221;50px|0|50px|0&#8243; next_background_color=&#8221;#FFFFFF&#8221;][et_pb_row make_fullwidth=&#8221;off&#8221; use_custom_width=&#8221;off&#8221; width_unit=&#8221;on&#8221; use_custom_gutter=&#8221;off&#8221; padding_mobile=&#8221;off&#8221; allow_player_pause=&#8221;off&#8221; parallax=&#8221;off&#8221; parallax_method=&#8221;off&#8221; make_equal=&#8221;off&#8221; parallax_1=&#8221;off&#8221; parallax_method_1=&#8221;off&#8221; parallax_2=&#8221;off&#8221; parallax_method_2=&#8221;off&#8221; column_padding_mobile=&#8221;on&#8221; custom_padding=&#8221;5px||5px|&#8221; parallax_3=&#8221;off&#8221; parallax_method_3=&#8221;off&#8221; background_position=&#8221;top_left&#8221; background_repeat=&#8221;repeat&#8221; background_size=&#8221;initial&#8221;][et_pb_column type=&#8221;1_3&#8243;][et_pb_image admin_label=&#8221;Logo&#8221; src=&#8221;https:\/\/colombia.ghcranes.com\/gruascolombia\/wp-content\/uploads\/2018\/04\/logo_GH-colombia.png&#8221; alt=&#8221;Logo GH Cranes &amp; Components&#8221; use_border_color=&#8221;off&#8221; custom_margin=&#8221;10px||10px|&#8221; url=&#8221;https:\/\/colombia.ghcranes.com\/gruascolombia\/&#8221; _builder_version=&#8221;3.2&#8243; \/][\/et_pb_column][et_pb_column type=&#8221;2_3&#8243;][et_pb_text admin_label=&#8221;Titulo&#8221; [&hellip;]<\/p>\n","protected":false},"author":1,"featured_media":0,"parent":0,"menu_order":0,"comment_status":"closed","ping_status":"closed","template":"","meta":{"_et_pb_use_builder":"on","_et_pb_old_content":"","_et_gb_content_width":"","_monsterinsights_skip_tracking":false,"_monsterinsights_sitenote_active":false,"_monsterinsights_sitenote_note":"","_monsterinsights_sitenote_category":0},"yoast_head":"<!-- This site is optimized with the Yoast SEO plugin v15.6.2 - https:\/\/yoast.com\/wordpress\/plugins\/seo\/ -->\n<title>GH GR\u00daAS Y COMPONENTES - GR\u00daAS GH COLOMBIA<\/title>\n<meta name=\"description\" content=\"Gr\u00faas GH Colombia para cualquier soluci\u00f3n sobre elevaci\u00f3n de carga en la industria. 60 a\u00f1os de experiencia en la fabricaci\u00f3n de gr\u00faas para todo tipo de sectores industriales. Gr\u00faas monorriel, gr\u00faas birriel, gr\u00faas suspendidas, gr\u00faas m\u00e9nsula.\" \/>\n<meta name=\"robots\" content=\"index, follow, max-snippet:-1, max-image-preview:large, max-video-preview:-1\" \/>\n<link rel=\"canonical\" href=\"https:\/\/colombia.ghcranes.com\/gruascolombia\/\" \/>\n<meta property=\"og:locale\" content=\"es_ES\" \/>\n<meta property=\"og:type\" content=\"article\" \/>\n<meta property=\"og:title\" content=\"GH GR\u00daAS Y COMPONENTES - GR\u00daAS GH COLOMBIA\" \/>\n<meta property=\"og:description\" content=\"Gr\u00faas GH Colombia para cualquier soluci\u00f3n sobre elevaci\u00f3n de carga en la industria. 60 a\u00f1os de experiencia en la fabricaci\u00f3n de gr\u00faas para todo tipo de sectores industriales. Gr\u00faas monorriel, gr\u00faas birriel, gr\u00faas suspendidas, gr\u00faas m\u00e9nsula.\" \/>\n<meta property=\"og:url\" content=\"https:\/\/colombia.ghcranes.com\/gruascolombia\/\" \/>\n<meta property=\"og:site_name\" content=\"Gruas Colombia\" \/>\n<meta property=\"article:modified_time\" content=\"2019-03-29T08:43:46+00:00\" \/>\n<meta property=\"og:image\" content=\"https:\/\/colombia.ghcranes.com\/gruascolombia\/wp-content\/uploads\/2016\/08\/logo_GH-300x129.png\" \/>\n<meta name=\"twitter:card\" content=\"summary_large_image\" \/>\n<meta name=\"twitter:label1\" content=\"Tiempo de lectura\">\n\t<meta name=\"twitter:data1\" content=\"10 minutos\">\n<script type=\"application\/ld+json\" class=\"yoast-schema-graph\">{\"@context\":\"https:\/\/schema.org\",\"@graph\":[{\"@type\":\"WebSite\",\"@id\":\"https:\/\/colombia.ghcranes.com\/gruascolombia\/#website\",\"url\":\"https:\/\/colombia.ghcranes.com\/gruascolombia\/\",\"name\":\"Gruas Colombia\",\"description\":\"GH fabricante de gr\\u00faas y polipastos\",\"potentialAction\":[{\"@type\":\"SearchAction\",\"target\":\"https:\/\/colombia.ghcranes.com\/gruascolombia\/?s={search_term_string}\",\"query-input\":\"required name=search_term_string\"}],\"inLanguage\":\"es\"},{\"@type\":\"ImageObject\",\"@id\":\"https:\/\/colombia.ghcranes.com\/gruascolombia\/#primaryimage\",\"inLanguage\":\"es\",\"url\":\"https:\/\/colombia.ghcranes.com\/gruascolombia\/wp-content\/uploads\/2016\/08\/logo_GH.png\",\"width\":600,\"height\":257,\"caption\":\"Logo GH Cranes & Components\"},{\"@type\":\"WebPage\",\"@id\":\"https:\/\/colombia.ghcranes.com\/gruascolombia\/#webpage\",\"url\":\"https:\/\/colombia.ghcranes.com\/gruascolombia\/\",\"name\":\"GH GR\\u00daAS Y COMPONENTES - GR\\u00daAS GH COLOMBIA\",\"isPartOf\":{\"@id\":\"https:\/\/colombia.ghcranes.com\/gruascolombia\/#website\"},\"primaryImageOfPage\":{\"@id\":\"https:\/\/colombia.ghcranes.com\/gruascolombia\/#primaryimage\"},\"datePublished\":\"2018-04-13T08:48:41+00:00\",\"dateModified\":\"2019-03-29T08:43:46+00:00\",\"description\":\"Gr\\u00faas GH Colombia para cualquier soluci\\u00f3n sobre elevaci\\u00f3n de carga en la industria. 60 a\\u00f1os de experiencia en la fabricaci\\u00f3n de gr\\u00faas para todo tipo de sectores industriales. Gr\\u00faas monorriel, gr\\u00faas birriel, gr\\u00faas suspendidas, gr\\u00faas m\\u00e9nsula.\",\"inLanguage\":\"es\",\"potentialAction\":[{\"@type\":\"ReadAction\",\"target\":[\"https:\/\/colombia.ghcranes.com\/gruascolombia\/\"]}]}]}<\/script>\n<!-- \/ Yoast SEO plugin. -->","_links":{"self":[{"href":"https:\/\/colombia.ghcranes.com\/gruascolombia\/wp-json\/wp\/v2\/pages\/659"}],"collection":[{"href":"https:\/\/colombia.ghcranes.com\/gruascolombia\/wp-json\/wp\/v2\/pages"}],"about":[{"href":"https:\/\/colombia.ghcranes.com\/gruascolombia\/wp-json\/wp\/v2\/types\/page"}],"author":[{"embeddable":true,"href":"https:\/\/colombia.ghcranes.com\/gruascolombia\/wp-json\/wp\/v2\/users\/1"}],"replies":[{"embeddable":true,"href":"https:\/\/colombia.ghcranes.com\/gruascolombia\/wp-json\/wp\/v2\/comments?post=659"}],"version-history":[{"count":38,"href":"https:\/\/colombia.ghcranes.com\/gruascolombia\/wp-json\/wp\/v2\/pages\/659\/revisions"}],"predecessor-version":[{"id":768,"href":"https:\/\/colombia.ghcranes.com\/gruascolombia\/wp-json\/wp\/v2\/pages\/659\/revisions\/768"}],"wp:attachment":[{"href":"https:\/\/colombia.ghcranes.com\/gruascolombia\/wp-json\/wp\/v2\/media?parent=659"}],"curies":[{"name":"wp","href":"https:\/\/api.w.org\/{rel}","templated":true}]}}